{"id":77,"date":"2011-02-28T19:15:04","date_gmt":"2011-02-28T19:15:04","guid":{"rendered":"http:\/\/ipcontrol.cl\/ip\/?page_id=77"},"modified":"2016-11-02T12:27:51","modified_gmt":"2016-11-02T12:27:51","slug":"redes-lan","status":"publish","type":"page","link":"https:\/\/ipcontrol.cl\/ip\/redes-lan\/","title":{"rendered":"Redes LAN"},"content":{"rendered":"<p style=\"text-align: justify;\">Una red de \u00e1rea local, red local o LAN (del ingl\u00e9s local area network) es la interconexi\u00f3n de varias computadoras y perif\u00e9ricos(Impresoras, scanners, multifunsionales) .La principal cualidad reside en el ahorro de recursos, pues una sola impresora al estar conectada en Red LAN permite que varios computadores puedan imprimir en esta, adem\u00e1s todos los Computadores pueden juntos compartir una sola conexi\u00f3n a Internet.<\/p>\n<p><img loading=\"lazy\" decoding=\"async\" class=\"alignleft size-full wp-image-78\" title=\"LAN\" src=\"http:\/\/ipcontrol.cl\/ip\/wp-content\/uploads\/2011\/02\/LAN.jpg\" alt=\"LAN\" width=\"350\" height=\"330\" srcset=\"https:\/\/ipcontrol.cl\/ip\/wp-content\/uploads\/2011\/02\/LAN.jpg 350w, https:\/\/ipcontrol.cl\/ip\/wp-content\/uploads\/2011\/02\/LAN-300x282.jpg 300w\" sizes=\"auto, (max-width: 350px) 100vw, 350px\" \/><\/p>\n<p style=\"text-align: justify;\">Su extensi\u00f3n est\u00e1 limitada f\u00edsicamente a un edificio o a un entorno de 200 metros, con repetidores podr\u00eda llegar a la distancia de un campo de 1 kil\u00f3metro. Su aplicaci\u00f3n m\u00e1s extendida es la interconexi\u00f3n de computadoras personales y estaciones de trabajo en oficinas, f\u00e1bricas, etc.<\/p>\n","protected":false},"excerpt":{"rendered":"<p>Una red de \u00e1rea local, red local o LAN (del ingl\u00e9s local area network) es la interconexi\u00f3n de varias computadoras y perif\u00e9ricos(Impresoras, scanners, multifunsionales) .La principal cualidad reside en el ahorro de recursos, pues una sola impresora al estar conectada en Red LAN permite que varios computadores puedan imprimir en esta, adem\u00e1s todos los Computadores [&hellip;]<\/p>\n","protected":false},"author":1,"featured_media":0,"parent":0,"menu_order":0,"comment_status":"open","ping_status":"open","template":"","meta":{"footnotes":""},"class_list":["post-77","page","type-page","status-publish","hentry"],"_links":{"self":[{"href":"https:\/\/ipcontrol.cl\/ip\/wp-json\/wp\/v2\/pages\/77","targetHints":{"allow":["GET"]}}],"collection":[{"href":"https:\/\/ipcontrol.cl\/ip\/wp-json\/wp\/v2\/pages"}],"about":[{"href":"https:\/\/ipcontrol.cl\/ip\/wp-json\/wp\/v2\/types\/page"}],"author":[{"embeddable":true,"href":"https:\/\/ipcontrol.cl\/ip\/wp-json\/wp\/v2\/users\/1"}],"replies":[{"embeddable":true,"href":"https:\/\/ipcontrol.cl\/ip\/wp-json\/wp\/v2\/comments?post=77"}],"version-history":[{"count":6,"href":"https:\/\/ipcontrol.cl\/ip\/wp-json\/wp\/v2\/pages\/77\/revisions"}],"predecessor-version":[{"id":104,"href":"https:\/\/ipcontrol.cl\/ip\/wp-json\/wp\/v2\/pages\/77\/revisions\/104"}],"wp:attachment":[{"href":"https:\/\/ipcontrol.cl\/ip\/wp-json\/wp\/v2\/media?parent=77"}],"curies":[{"name":"wp","href":"https:\/\/api.w.org\/{rel}","templated":true}]}}