{"id":62,"date":"2011-02-27T14:31:18","date_gmt":"2011-02-27T14:31:18","guid":{"rendered":"http:\/\/ipcontrol.cl\/ip\/?page_id=62"},"modified":"2017-01-30T13:05:40","modified_gmt":"2017-01-30T16:05:40","slug":"web-diseno","status":"publish","type":"page","link":"https:\/\/ipcontrol.cl\/ip\/web-diseno\/","title":{"rendered":"<b>WEB Dise\u00f1o<\/b>"},"content":{"rendered":"<p><a href=\"https:\/\/ipcontrol.cl\/ip\/wp-content\/uploads\/2011\/02\/flashweb.gif\"><img loading=\"lazy\" decoding=\"async\" class=\"alignleft wp-image-64 size-full\" title=\"flashweb\" src=\"https:\/\/ipcontrol.cl\/ip\/wp-content\/uploads\/2011\/02\/flashweb.gif\" width=\"194\" height=\"58\" \/><\/a><\/p>\n<p style=\"text-align: justify;\"><strong>Flash Web<\/strong> forma parte de una comunidad Internacional de Webmasters dedicados al desarrollo de Dise\u00f1o y aplicaciones Web. Realiza desde el a\u00f1o 2000, todo tipo de proyectos tecnol\u00f3gicos on-line.<br \/>\nAportamos a nuestros clientes soluciones a medida para rentabilizar sus proyectos web y multimedia. Proporcionamos un servicio integral, ya que contamos con amplia experiencia necesaria para el completo desarrollo de un proyecto.<br \/>\nUna vez entregados, todos nuestros trabajos cuentan con la garant\u00eda de calidad de Flash Web.<br \/>\nNuestros inicios provienen de un estudio de cine animaci\u00f3n en Santiago de Chile a\u00f1o 1991. Posteriormente, decidimos especializarnos y dedicarnos en exclusiva al dise\u00f1o web, acumulando de esta forma una experiencia de m\u00e1s de 16 a\u00f1os.<br \/>\nNuestro mayor compromiso es con la satisfacci\u00f3n en primer lugar de\u00a0 necesidades de im\u00e1gen corporativa y marketing online para nuestros clientes.<\/p>\n<p style=\"text-align: justify;\"><a title=\"FlashWEB.cl\" href=\"http:\/\/flash.ipcontrol.cl\" target=\"_blank\"><strong>Visitar FlashWEB.cl<\/strong><\/a><\/p>\n","protected":false},"excerpt":{"rendered":"<p>Flash Web forma parte de una comunidad Internacional de Webmasters dedicados al desarrollo de Dise\u00f1o y aplicaciones Web. Realiza desde el a\u00f1o 2000, todo tipo de proyectos tecnol\u00f3gicos on-line. Aportamos a nuestros clientes soluciones a medida para rentabilizar sus proyectos web y multimedia. Proporcionamos un servicio integral, ya que contamos con amplia experiencia necesaria para [&hellip;]<\/p>\n","protected":false},"author":1,"featured_media":0,"parent":0,"menu_order":4,"comment_status":"closed","ping_status":"closed","template":"","meta":{"footnotes":""},"class_list":["post-62","page","type-page","status-publish","hentry"],"_links":{"self":[{"href":"https:\/\/ipcontrol.cl\/ip\/wp-json\/wp\/v2\/pages\/62","targetHints":{"allow":["GET"]}}],"collection":[{"href":"https:\/\/ipcontrol.cl\/ip\/wp-json\/wp\/v2\/pages"}],"about":[{"href":"https:\/\/ipcontrol.cl\/ip\/wp-json\/wp\/v2\/types\/page"}],"author":[{"embeddable":true,"href":"https:\/\/ipcontrol.cl\/ip\/wp-json\/wp\/v2\/users\/1"}],"replies":[{"embeddable":true,"href":"https:\/\/ipcontrol.cl\/ip\/wp-json\/wp\/v2\/comments?post=62"}],"version-history":[{"count":15,"href":"https:\/\/ipcontrol.cl\/ip\/wp-json\/wp\/v2\/pages\/62\/revisions"}],"predecessor-version":[{"id":106,"href":"https:\/\/ipcontrol.cl\/ip\/wp-json\/wp\/v2\/pages\/62\/revisions\/106"}],"wp:attachment":[{"href":"https:\/\/ipcontrol.cl\/ip\/wp-json\/wp\/v2\/media?parent=62"}],"curies":[{"name":"wp","href":"https:\/\/api.w.org\/{rel}","templated":true}]}}