{"id":36,"date":"2011-02-26T15:23:06","date_gmt":"2011-02-26T15:23:06","guid":{"rendered":"http:\/\/ipcontrol.cl\/ip\/?page_id=36"},"modified":"2011-02-26T22:23:36","modified_gmt":"2011-02-26T22:23:36","slug":"acceso-remoto","status":"publish","type":"page","link":"https:\/\/ipcontrol.cl\/ip\/acceso-remoto\/","title":{"rendered":"<b>Acceso Remoto<\/b>"},"content":{"rendered":"<p>Acceso Remoto es una tecnolog\u00eda que permite a un usuario trabajar en una computadora a trav\u00e9s de su escritorio gr\u00e1fico desde otro terminal ubicado en otro lugar.<\/p>\n<p>La rapidez de respuesta de este tipo de sistema de acceso remoto es impresionante debido a que lo que tardar\u00eda un t\u00e9cnico en llegar f\u00edsicamente al lugar del evento donde existe el problema se reduce a segundos usando la velocidad de Internet.<br \/>\nExisten programas de control remoto que permiten ver e interactuar con las aplicaciones de escritorio a trav\u00e9s de cualquier red.<\/p>\n<p>Este tipo de software tiene una base amplia de usuarios y es usado por las mayores empresas multinacionales.<\/p>\n<p><img loading=\"lazy\" decoding=\"async\" class=\"alignnone size-full wp-image-38\" title=\"ACCESOREMOTO\" src=\"http:\/\/ipcontrol.cl\/ip\/wp-content\/uploads\/2011\/02\/ACCESOREMOTO.jpg\" alt=\"ACCESOREMOTO\" width=\"517\" height=\"328\" srcset=\"https:\/\/ipcontrol.cl\/ip\/wp-content\/uploads\/2011\/02\/ACCESOREMOTO.jpg 517w, https:\/\/ipcontrol.cl\/ip\/wp-content\/uploads\/2011\/02\/ACCESOREMOTO-300x190.jpg 300w\" sizes=\"auto, (max-width: 517px) 100vw, 517px\" \/><\/p>\n","protected":false},"excerpt":{"rendered":"<p>Acceso Remoto es una tecnolog\u00eda que permite a un usuario trabajar en una computadora a trav\u00e9s de su escritorio gr\u00e1fico desde otro terminal ubicado en otro lugar. La rapidez de respuesta de este tipo de sistema de acceso remoto es impresionante debido a que lo que tardar\u00eda un t\u00e9cnico en llegar f\u00edsicamente al lugar del [&hellip;]<\/p>\n","protected":false},"author":1,"featured_media":0,"parent":0,"menu_order":3,"comment_status":"closed","ping_status":"closed","template":"","meta":{"footnotes":""},"class_list":["post-36","page","type-page","status-publish","hentry"],"_links":{"self":[{"href":"https:\/\/ipcontrol.cl\/ip\/wp-json\/wp\/v2\/pages\/36","targetHints":{"allow":["GET"]}}],"collection":[{"href":"https:\/\/ipcontrol.cl\/ip\/wp-json\/wp\/v2\/pages"}],"about":[{"href":"https:\/\/ipcontrol.cl\/ip\/wp-json\/wp\/v2\/types\/page"}],"author":[{"embeddable":true,"href":"https:\/\/ipcontrol.cl\/ip\/wp-json\/wp\/v2\/users\/1"}],"replies":[{"embeddable":true,"href":"https:\/\/ipcontrol.cl\/ip\/wp-json\/wp\/v2\/comments?post=36"}],"version-history":[{"count":7,"href":"https:\/\/ipcontrol.cl\/ip\/wp-json\/wp\/v2\/pages\/36\/revisions"}],"predecessor-version":[{"id":42,"href":"https:\/\/ipcontrol.cl\/ip\/wp-json\/wp\/v2\/pages\/36\/revisions\/42"}],"wp:attachment":[{"href":"https:\/\/ipcontrol.cl\/ip\/wp-json\/wp\/v2\/media?parent=36"}],"curies":[{"name":"wp","href":"https:\/\/api.w.org\/{rel}","templated":true}]}}