{"id":22,"date":"2011-02-25T22:22:30","date_gmt":"2011-02-25T22:22:30","guid":{"rendered":"http:\/\/ipcontrol.cl\/ip\/?page_id=22"},"modified":"2017-01-30T13:11:44","modified_gmt":"2017-01-30T16:11:44","slug":"dvr-stand-alone","status":"publish","type":"page","link":"https:\/\/ipcontrol.cl\/ip\/dvr-stand-alone\/","title":{"rendered":"<b>DVR<\/b>"},"content":{"rendered":"<p><strong>DVR <\/strong>(Grabador Video Digital)es un sistema de vigilancia para la grabaci\u00f3n de video desde 4 canales \u00f3 4 <a href=\"https:\/\/ipcontrol.cl\/ip\/wp-content\/uploads\/2011\/02\/dvr.jpg\"><img loading=\"lazy\" decoding=\"async\" class=\"alignleft wp-image-23 size-full\" title=\"dvr\" src=\"https:\/\/ipcontrol.cl\/ip\/wp-content\/uploads\/2011\/02\/dvr.jpg\" width=\"165\" height=\"100\" \/><\/a>c\u00e1maras hasta 36. Adopta una tecnolog\u00eda de compresi\u00f3n de imagen digital de las c\u00e1maras instaladas y las env\u00eda al disco duro, capturando el video por detecci\u00f3n de movimiento o por agenda de grabaci\u00f3n.<\/p>\n<p>Permite Monitoreo Local y por Internet mediante un servidor WEB integrado a la DVR.<\/p>\n<p>Es una excelente opci\u00f3n para los sistemas de CCTV que requieren una grabadora profesional de avanzada tecnolog\u00eda con alta calidad a precio razonable.<\/p>\n<p><strong>Caracter\u00edsticas<\/strong><\/p>\n<p>Compresi\u00f3n H.264, soporta 1CH D1 y 3CH CIF grabaci\u00f3n en tiempo real.<br \/>\nentradas de video \/ salida BNC \/ salida VGA.<br \/>\nControl remoto.<br \/>\nSistema de TV: PAL\/NTSC.<br \/>\nUSB para la actualizaci\u00f3n y la copia de seguridad.<br \/>\nModo de grabaci\u00f3n: Manual, Detecci\u00f3n de movimiento.<br \/>\nLa operaci\u00f3n de registro para los an\u00e1lisis convenientes y detecci\u00f3n de movimiento.<br \/>\nSoftware de red de gran alcance: incorpora servidor web, CMS, soporta PPPoE, DDNS.<\/p>\n<p>Algunas soporta vigilancia remota por tel\u00e9fono m\u00f3vil: Windows CE\\Symbian\\Iphone\\ Blackberry.<\/p>\n<p><strong>La DVR Stand Alone<\/strong> tiene un BAJO CONSUMO DE ENERG\u00cdA:<\/p>\n<p>Consumo de energ\u00eda: 10W<br \/>\nConsumo de energ\u00eda con Disco Duro: 10W<\/p>\n","protected":false},"excerpt":{"rendered":"<p>DVR (Grabador Video Digital)es un sistema de vigilancia para la grabaci\u00f3n de video desde 4 canales \u00f3 4 c\u00e1maras hasta 36. Adopta una tecnolog\u00eda de compresi\u00f3n de imagen digital de las c\u00e1maras instaladas y las env\u00eda al disco duro, capturando el video por detecci\u00f3n de movimiento o por agenda de grabaci\u00f3n. Permite Monitoreo Local y [&hellip;]<\/p>\n","protected":false},"author":1,"featured_media":0,"parent":0,"menu_order":2,"comment_status":"closed","ping_status":"closed","template":"","meta":{"footnotes":""},"class_list":["post-22","page","type-page","status-publish","hentry"],"_links":{"self":[{"href":"https:\/\/ipcontrol.cl\/ip\/wp-json\/wp\/v2\/pages\/22","targetHints":{"allow":["GET"]}}],"collection":[{"href":"https:\/\/ipcontrol.cl\/ip\/wp-json\/wp\/v2\/pages"}],"about":[{"href":"https:\/\/ipcontrol.cl\/ip\/wp-json\/wp\/v2\/types\/page"}],"author":[{"embeddable":true,"href":"https:\/\/ipcontrol.cl\/ip\/wp-json\/wp\/v2\/users\/1"}],"replies":[{"embeddable":true,"href":"https:\/\/ipcontrol.cl\/ip\/wp-json\/wp\/v2\/comments?post=22"}],"version-history":[{"count":10,"href":"https:\/\/ipcontrol.cl\/ip\/wp-json\/wp\/v2\/pages\/22\/revisions"}],"predecessor-version":[{"id":110,"href":"https:\/\/ipcontrol.cl\/ip\/wp-json\/wp\/v2\/pages\/22\/revisions\/110"}],"wp:attachment":[{"href":"https:\/\/ipcontrol.cl\/ip\/wp-json\/wp\/v2\/media?parent=22"}],"curies":[{"name":"wp","href":"https:\/\/api.w.org\/{rel}","templated":true}]}}