{"id":2,"date":"2011-02-24T19:24:47","date_gmt":"2011-02-24T19:24:47","guid":{"rendered":"http:\/\/ipcontrol.cl\/ip\/?page_id=2"},"modified":"2014-03-06T11:27:36","modified_gmt":"2014-03-06T11:27:36","slug":"about","status":"publish","type":"page","link":"https:\/\/ipcontrol.cl\/ip\/","title":{"rendered":"Empresa"},"content":{"rendered":"<p>\u00ab<strong>IMAGINE MARCAR PRESENCIA EN VARIOS LUGARES A LA VEZ&#8230;, ESO ES POSIBLE USANDO LAS TECNOLOGIAS ACTUALES. <\/strong> Controle: su Empresa, Hogar, Negocio, etc, desde cualquier lugar del mundo en que Usted se encuentre,\u00a0 tan solo conectado a Internet\u00bb<\/p>\n<p><strong>iPControl<\/strong> otorga soluciones de control y vigilancia v\u00eda\u00a0c\u00e1maras de tipo,<strong> iP<\/strong>, <strong> inal\u00e1mbricas<\/strong>, <strong>cableadas<\/strong>, <strong>sitemas sdvr stand alone<\/strong> para la gesti\u00f3n, visualizaci\u00f3n y grabaci\u00f3n de video, camaras de tipo <strong>Domo<\/strong>, <strong>PTZ<\/strong> (pan, tilt, zoom), <strong>infrarojas<\/strong>.<\/p>\n<p>Sin importar el tama\u00f1o de su necesidad <strong>iPControl<\/strong> es la soluci\u00f3n perfecta para clientes de Hogares, minimarkets, hasta Empresas de la m\u00e1s alta envergadura.<\/p>\n<p>Poseemos vasta experiencia en\u00a0asesor\u00eda en el \u00e1mbito de la video vigilancia, adem\u00e1s de sistemas de acceso remoto para gestionar computadores\u00a0v\u00eda\u00a0Internet sin importar la distancia geografica.<\/p>\n","protected":false},"excerpt":{"rendered":"<p>\u00abIMAGINE MARCAR PRESENCIA EN VARIOS LUGARES A LA VEZ&#8230;, ESO ES POSIBLE USANDO LAS TECNOLOGIAS ACTUALES. Controle: su Empresa, Hogar, Negocio, etc, desde cualquier lugar del mundo en que Usted se encuentre,\u00a0 tan solo conectado a Internet\u00bb iPControl otorga soluciones de control y vigilancia v\u00eda\u00a0c\u00e1maras de tipo, iP, inal\u00e1mbricas, cableadas, sitemas sdvr stand alone para [&hellip;]<\/p>\n","protected":false},"author":1,"featured_media":0,"parent":0,"menu_order":0,"comment_status":"closed","ping_status":"closed","template":"","meta":{"footnotes":""},"class_list":["post-2","page","type-page","status-publish","hentry"],"_links":{"self":[{"href":"https:\/\/ipcontrol.cl\/ip\/wp-json\/wp\/v2\/pages\/2","targetHints":{"allow":["GET"]}}],"collection":[{"href":"https:\/\/ipcontrol.cl\/ip\/wp-json\/wp\/v2\/pages"}],"about":[{"href":"https:\/\/ipcontrol.cl\/ip\/wp-json\/wp\/v2\/types\/page"}],"author":[{"embeddable":true,"href":"https:\/\/ipcontrol.cl\/ip\/wp-json\/wp\/v2\/users\/1"}],"replies":[{"embeddable":true,"href":"https:\/\/ipcontrol.cl\/ip\/wp-json\/wp\/v2\/comments?post=2"}],"version-history":[{"count":21,"href":"https:\/\/ipcontrol.cl\/ip\/wp-json\/wp\/v2\/pages\/2\/revisions"}],"predecessor-version":[{"id":99,"href":"https:\/\/ipcontrol.cl\/ip\/wp-json\/wp\/v2\/pages\/2\/revisions\/99"}],"wp:attachment":[{"href":"https:\/\/ipcontrol.cl\/ip\/wp-json\/wp\/v2\/media?parent=2"}],"curies":[{"name":"wp","href":"https:\/\/api.w.org\/{rel}","templated":true}]}}