{"id":11,"date":"2011-02-25T03:19:11","date_gmt":"2011-02-25T03:19:11","guid":{"rendered":"http:\/\/ipcontrol.cl\/ip\/?page_id=11"},"modified":"2017-01-30T13:10:59","modified_gmt":"2017-01-30T16:10:59","slug":"camaras-ip","status":"publish","type":"page","link":"https:\/\/ipcontrol.cl\/ip\/camaras-ip\/","title":{"rendered":"<b>C\u00e1maras<\/b>"},"content":{"rendered":"<p>Las<strong> c\u00e1maras IP<\/strong> incorporan todas las funciones de una c\u00e1mara de v\u00eddeo y a\u00f1aden m\u00e1s\u00a0prestaciones, tales como la opci\u00f3n de visualizarla v\u00eda celular pues poseen un microprocesador necesitando solo una conexi\u00f3n Internet para visualizarla desde cualquier lugar del mundo.<\/p>\n<p><a href=\"https:\/\/ipcontrol.cl\/ip\/wp-content\/uploads\/2011\/02\/ip.jpg\"><img loading=\"lazy\" decoding=\"async\" class=\"alignleft wp-image-20 size-full\" title=\"ip\" src=\"https:\/\/ipcontrol.cl\/ip\/wp-content\/uploads\/2011\/02\/ip.jpg\" width=\"165\" height=\"100\" \/><\/a><\/p>\n<p><strong><a href=\"https:\/\/ipcontrol.cl\/ip\/wp-content\/uploads\/2011\/02\/domo.jpg\"><img loading=\"lazy\" decoding=\"async\" class=\"alignleft wp-image-85 size-full\" title=\"domo\" src=\"https:\/\/ipcontrol.cl\/ip\/wp-content\/uploads\/2011\/02\/domo.jpg\" width=\"165\" height=\"100\" \/><\/a><a href=\"https:\/\/ipcontrol.cl\/ip\/wp-content\/uploads\/2011\/02\/infrarrojas.jpg\"><img loading=\"lazy\" decoding=\"async\" class=\"alignleft wp-image-86 size-full\" title=\"infrarrojas\" src=\"https:\/\/ipcontrol.cl\/ip\/wp-content\/uploads\/2011\/02\/infrarrojas.jpg\" width=\"165\" height=\"100\" \/><\/a><a href=\"https:\/\/ipcontrol.cl\/ip\/wp-content\/uploads\/2011\/02\/autodomos.jpg\"><img loading=\"lazy\" decoding=\"async\" class=\"alignleft wp-image-87 size-full\" title=\"autodomos\" src=\"https:\/\/ipcontrol.cl\/ip\/wp-content\/uploads\/2011\/02\/autodomos.jpg\" width=\"165\" height=\"100\" \/><\/a>Caracter\u00edsticas:<\/strong><\/p>\n<ul>\n<li>La lente de la c\u00e1mara enfoca la imagen en el sensor de imagen (CCD)(siglas en ingl\u00e9s de <em>charge-coupled device<\/em>: &#8216;dispositivo de carga acoplada&#8217;). Antes de llegar al sensor, la imagen pasa por el filtro \u00f3ptico que elimina cualquier luz infrarroja y muestra los colores correctos.<\/li>\n<\/ul>\n<ul>\n<li>Actualmente existen c\u00e1maras d\u00eda\/noche que disponen de filtro infrarrojo autom\u00e1tico, este filtro se activa autom\u00e1ticamente cuando las condiciones de luz bajan,\u00a0\u00a0 y la c\u00e1mara emite la se\u00f1al en blanco y negro produciendo m\u00e1s luminosidad y de esta manera podemos ver la escena con luz infrarroja y ver en total oscuridad.<\/li>\n<\/ul>\n<ul>\n<li>El sensor de imagen convierte la imagen, que est\u00e1 compuesta por informaci\u00f3n lum\u00ednica, en se\u00f1ales el\u00e9ctricas. Estas se\u00f1ales el\u00e9ctricas se encuentran ya en un formato que puede ser comprimido y transferido a trav\u00e9s de redes o Internet.<\/li>\n<\/ul>\n<ul>\n<li>Como las c\u00e1maras de v\u00eddeo convencionales, las c\u00e1maras IP gestionan la exposici\u00f3n (el nivel de luz de la imagen), el equilibrio de blancos (el ajuste de los niveles de color), la nitidez de la imagen y otros aspectos de la calidad de la imagen. Estas funciones las lleva a cabo el controlador de c\u00e1mara y el chip de compresi\u00f3n de v\u00eddeo.<\/li>\n<\/ul>\n<ul>\n<li>Las c\u00e1maras IP comprimen la imagen digital en una imagen que contiene menos datos para permitir una transferencia m\u00e1s eficiente a trav\u00e9s de la Red, c\u00e1maras MPEG4.<\/li>\n<\/ul>\n","protected":false},"excerpt":{"rendered":"<p>Las c\u00e1maras IP incorporan todas las funciones de una c\u00e1mara de v\u00eddeo y a\u00f1aden m\u00e1s\u00a0prestaciones, tales como la opci\u00f3n de visualizarla v\u00eda celular pues poseen un microprocesador necesitando solo una conexi\u00f3n Internet para visualizarla desde cualquier lugar del mundo. Caracter\u00edsticas: La lente de la c\u00e1mara enfoca la imagen en el sensor de imagen (CCD)(siglas en [&hellip;]<\/p>\n","protected":false},"author":1,"featured_media":0,"parent":0,"menu_order":1,"comment_status":"closed","ping_status":"closed","template":"","meta":{"footnotes":""},"class_list":["post-11","page","type-page","status-publish","hentry"],"_links":{"self":[{"href":"https:\/\/ipcontrol.cl\/ip\/wp-json\/wp\/v2\/pages\/11","targetHints":{"allow":["GET"]}}],"collection":[{"href":"https:\/\/ipcontrol.cl\/ip\/wp-json\/wp\/v2\/pages"}],"about":[{"href":"https:\/\/ipcontrol.cl\/ip\/wp-json\/wp\/v2\/types\/page"}],"author":[{"embeddable":true,"href":"https:\/\/ipcontrol.cl\/ip\/wp-json\/wp\/v2\/users\/1"}],"replies":[{"embeddable":true,"href":"https:\/\/ipcontrol.cl\/ip\/wp-json\/wp\/v2\/comments?post=11"}],"version-history":[{"count":20,"href":"https:\/\/ipcontrol.cl\/ip\/wp-json\/wp\/v2\/pages\/11\/revisions"}],"predecessor-version":[{"id":108,"href":"https:\/\/ipcontrol.cl\/ip\/wp-json\/wp\/v2\/pages\/11\/revisions\/108"}],"wp:attachment":[{"href":"https:\/\/ipcontrol.cl\/ip\/wp-json\/wp\/v2\/media?parent=11"}],"curies":[{"name":"wp","href":"https:\/\/api.w.org\/{rel}","templated":true}]}}